{"id":4694,"date":"2026-04-14T10:19:41","date_gmt":"2026-04-14T15:19:41","guid":{"rendered":"https:\/\/palermosj.edu.co\/Portalweb\/?page_id=4694"},"modified":"2026-04-14T10:19:42","modified_gmt":"2026-04-14T15:19:42","slug":"estudiantes-del-colegio-franciscano-palermo-de-san-jose-destacan-en-iyrc-colombia-2026","status":"publish","type":"page","link":"https:\/\/palermosj.edu.co\/Portalweb\/estudiantes-del-colegio-franciscano-palermo-de-san-jose-destacan-en-iyrc-colombia-2026\/","title":{"rendered":"Estudiantes del Colegio Franciscano Palermo de San Jos\u00e9 destacan en IYRC Colombia 2026"},"content":{"rendered":"\n<p>El Centro Comercial Sandiego fue el escenario de la octava versi\u00f3n de la <strong>Competencia Internacional de Rob\u00f3tica Juvenil (IYRC) Colombia 2026<\/strong> . Este evento, anteriormente conocido como TJR, se celebr\u00f3 el pasado s\u00e1bado 11 de abril con la participaci\u00f3n de m\u00e1s de 60 equipos nacionales.<\/p>\n\n\n\n<p>El <strong>Colegio Franciscano Palermo de San Jos\u00e9<\/strong> compiti\u00f3 con tres equipos integrados por seis estudiantes. La delegaci\u00f3n cont\u00f3 con el acompa\u00f1amiento t\u00e9cnico de <strong>High Tech Institute<\/strong>, aliado estrat\u00e9gico de la instituci\u00f3n en la ense\u00f1anza de rob\u00f3tica.<\/p>\n\n\n\n<p><\/p>\n\n\n\n<p><strong>Compromiso con la innovaci\u00f3n educativa<\/strong><\/p>\n\n\n\n<p>La rob\u00f3tica es un pilar fundamental y un diferenciador del modelo educativo del colegio. El aprendizaje de estas disciplinas fortalece el pensamiento l\u00f3gico y la resoluci\u00f3n de problemas en los estudiantes.<\/p>\n\n\n\n<p><strong>Participaci\u00f3n institucional y categor\u00edas<\/strong><\/p>\n\n\n\n<p>La delegaci\u00f3n del colegio estuvo representada en diversas modalidades de competencia:<\/p>\n\n\n\n<p><strong>CiberKids:<\/strong> Participaron en la categor\u00eda Math Challenge Junior.<\/p>\n\n\n\n<p><strong>Tecnobots:<\/strong> Compitieron en Road Challenge Junior.<\/p>\n\n\n\n<p><strong>Sumo Mid:<\/strong> compitieron en Sumo Teleoperado.<\/p>\n\n\n\n<p><\/p>\n\n\n\n<p><strong>Resultados y proyecciones<\/strong><\/p>\n\n\n\n<p>El equipo <strong>Tecnobots<\/strong> logr\u00f3 clasificarse a la fase final del torneo. A pesar del alto nivel competitivo y la cantidad de equipos participantes, los estudiantes demostraron destreza t\u00e9cnica en la superaci\u00f3n de obst\u00e1culos.<\/p>\n\n\n\n<p>Esta edici\u00f3n de IYRC Colombia, alineada con la <strong>Asociaci\u00f3n Internacional de Rob\u00f3tica Juvenil (IYRA)<\/strong>, permiti\u00f3 a los participantes adquirir nuevos conocimientos en estrategia. El Colegio Franciscano Palermo de San Jos\u00e9 inicia desde ahora su preparaci\u00f3n t\u00e9cnica para la versi\u00f3n 2027, con el objetivo de fortalecer el liderazgo institucional en ciencia y tecnolog\u00eda.<\/p>\n\n\n\n<div class=\"wp-container-4 wp-block-columns\">\n<div class=\"wp-container-1 wp-block-column\">\n<figure class=\"wp-block-image size-large\"><img loading=\"lazy\" width=\"1024\" height=\"769\" src=\"https:\/\/palermosj.edu.co\/Portalweb\/wp-content\/uploads\/2026\/04\/WhatsApp-Image-2026-04-13-at-3.08.27-PM-1024x769.jpeg\" alt=\"\" class=\"wp-image-4699\" srcset=\"https:\/\/palermosj.edu.co\/Portalweb\/wp-content\/uploads\/2026\/04\/WhatsApp-Image-2026-04-13-at-3.08.27-PM-1024x769.jpeg 1024w, https:\/\/palermosj.edu.co\/Portalweb\/wp-content\/uploads\/2026\/04\/WhatsApp-Image-2026-04-13-at-3.08.27-PM-300x225.jpeg 300w, https:\/\/palermosj.edu.co\/Portalweb\/wp-content\/uploads\/2026\/04\/WhatsApp-Image-2026-04-13-at-3.08.27-PM-768x576.jpeg 768w, https:\/\/palermosj.edu.co\/Portalweb\/wp-content\/uploads\/2026\/04\/WhatsApp-Image-2026-04-13-at-3.08.27-PM-1536x1153.jpeg 1536w, https:\/\/palermosj.edu.co\/Portalweb\/wp-content\/uploads\/2026\/04\/WhatsApp-Image-2026-04-13-at-3.08.27-PM-600x450.jpeg 600w, https:\/\/palermosj.edu.co\/Portalweb\/wp-content\/uploads\/2026\/04\/WhatsApp-Image-2026-04-13-at-3.08.27-PM-865x649.jpeg 865w, https:\/\/palermosj.edu.co\/Portalweb\/wp-content\/uploads\/2026\/04\/WhatsApp-Image-2026-04-13-at-3.08.27-PM.jpeg 1600w\" sizes=\"(max-width: 1024px) 100vw, 1024px\" \/><\/figure>\n<\/div>\n\n\n\n<div class=\"wp-container-2 wp-block-column\">\n<figure class=\"wp-block-image size-large\"><img loading=\"lazy\" width=\"769\" height=\"1024\" src=\"https:\/\/palermosj.edu.co\/Portalweb\/wp-content\/uploads\/2026\/04\/WhatsApp-Image-2026-04-13-at-3.08.25-PM-2-769x1024.jpeg\" alt=\"\" class=\"wp-image-4700\" srcset=\"https:\/\/palermosj.edu.co\/Portalweb\/wp-content\/uploads\/2026\/04\/WhatsApp-Image-2026-04-13-at-3.08.25-PM-2-769x1024.jpeg 769w, https:\/\/palermosj.edu.co\/Portalweb\/wp-content\/uploads\/2026\/04\/WhatsApp-Image-2026-04-13-at-3.08.25-PM-2-225x300.jpeg 225w, https:\/\/palermosj.edu.co\/Portalweb\/wp-content\/uploads\/2026\/04\/WhatsApp-Image-2026-04-13-at-3.08.25-PM-2-768x1023.jpeg 768w, https:\/\/palermosj.edu.co\/Portalweb\/wp-content\/uploads\/2026\/04\/WhatsApp-Image-2026-04-13-at-3.08.25-PM-2-1153x1536.jpeg 1153w, https:\/\/palermosj.edu.co\/Portalweb\/wp-content\/uploads\/2026\/04\/WhatsApp-Image-2026-04-13-at-3.08.25-PM-2-600x800.jpeg 600w, https:\/\/palermosj.edu.co\/Portalweb\/wp-content\/uploads\/2026\/04\/WhatsApp-Image-2026-04-13-at-3.08.25-PM-2-487x649.jpeg 487w, https:\/\/palermosj.edu.co\/Portalweb\/wp-content\/uploads\/2026\/04\/WhatsApp-Image-2026-04-13-at-3.08.25-PM-2.jpeg 1201w\" sizes=\"(max-width: 769px) 100vw, 769px\" \/><\/figure>\n<\/div>\n\n\n\n<div class=\"wp-container-3 wp-block-column\">\n<figure class=\"wp-block-image size-large\"><img loading=\"lazy\" width=\"1024\" height=\"457\" src=\"https:\/\/palermosj.edu.co\/Portalweb\/wp-content\/uploads\/2026\/04\/Captura-de-pantalla-2026-04-14-101412-1-1024x457.png\" alt=\"\" class=\"wp-image-4701\" srcset=\"https:\/\/palermosj.edu.co\/Portalweb\/wp-content\/uploads\/2026\/04\/Captura-de-pantalla-2026-04-14-101412-1-1024x457.png 1024w, https:\/\/palermosj.edu.co\/Portalweb\/wp-content\/uploads\/2026\/04\/Captura-de-pantalla-2026-04-14-101412-1-300x134.png 300w, https:\/\/palermosj.edu.co\/Portalweb\/wp-content\/uploads\/2026\/04\/Captura-de-pantalla-2026-04-14-101412-1-768x343.png 768w, https:\/\/palermosj.edu.co\/Portalweb\/wp-content\/uploads\/2026\/04\/Captura-de-pantalla-2026-04-14-101412-1-600x268.png 600w, https:\/\/palermosj.edu.co\/Portalweb\/wp-content\/uploads\/2026\/04\/Captura-de-pantalla-2026-04-14-101412-1.png 1243w\" sizes=\"(max-width: 1024px) 100vw, 1024px\" \/><\/figure>\n<\/div>\n<\/div>\n","protected":false},"excerpt":{"rendered":"<p>El Centro Comercial Sandiego fue el escenario de la octava versi\u00f3n de la Competencia Internacional de Rob\u00f3tica Juvenil (IYRC) Colombia 2026 . Este evento, anteriormente conocido como TJR, se celebr\u00f3 el pasado s\u00e1bado 11 de abril con la participaci\u00f3n de m\u00e1s de 60 equipos nacionales. El Colegio Franciscano Palermo de San Jos\u00e9 compiti\u00f3 con tres &hellip;<\/p>\n<p class=\"read-more\"> <a class=\"\" href=\"https:\/\/palermosj.edu.co\/Portalweb\/estudiantes-del-colegio-franciscano-palermo-de-san-jose-destacan-en-iyrc-colombia-2026\/\"> <span class=\"screen-reader-text\">Estudiantes del Colegio Franciscano Palermo de San Jos\u00e9 destacan en IYRC Colombia 2026<\/span> Leer m\u00e1s &raquo;<\/a><\/p>\n","protected":false},"author":3,"featured_media":0,"parent":0,"menu_order":0,"comment_status":"closed","ping_status":"closed","template":"","meta":{"ngg_post_thumbnail":0},"_links":{"self":[{"href":"https:\/\/palermosj.edu.co\/Portalweb\/wp-json\/wp\/v2\/pages\/4694"}],"collection":[{"href":"https:\/\/palermosj.edu.co\/Portalweb\/wp-json\/wp\/v2\/pages"}],"about":[{"href":"https:\/\/palermosj.edu.co\/Portalweb\/wp-json\/wp\/v2\/types\/page"}],"author":[{"embeddable":true,"href":"https:\/\/palermosj.edu.co\/Portalweb\/wp-json\/wp\/v2\/users\/3"}],"replies":[{"embeddable":true,"href":"https:\/\/palermosj.edu.co\/Portalweb\/wp-json\/wp\/v2\/comments?post=4694"}],"version-history":[{"count":1,"href":"https:\/\/palermosj.edu.co\/Portalweb\/wp-json\/wp\/v2\/pages\/4694\/revisions"}],"predecessor-version":[{"id":4702,"href":"https:\/\/palermosj.edu.co\/Portalweb\/wp-json\/wp\/v2\/pages\/4694\/revisions\/4702"}],"wp:attachment":[{"href":"https:\/\/palermosj.edu.co\/Portalweb\/wp-json\/wp\/v2\/media?parent=4694"}],"curies":[{"name":"wp","href":"https:\/\/api.w.org\/{rel}","templated":true}]}}