{"id":4452,"date":"2025-10-15T10:13:45","date_gmt":"2025-10-15T15:13:45","guid":{"rendered":"https:\/\/palermosj.edu.co\/Portalweb\/?page_id=4452"},"modified":"2025-10-15T10:13:46","modified_gmt":"2025-10-15T15:13:46","slug":"orgullo-palermista-estudiantes-del-colegio-franciscano-palermo-de-san-jose-brillaron-en-el-encuentro-nacional-e-internacional-de-semilleros-de-investigacion","status":"publish","type":"page","link":"https:\/\/palermosj.edu.co\/Portalweb\/orgullo-palermista-estudiantes-del-colegio-franciscano-palermo-de-san-jose-brillaron-en-el-encuentro-nacional-e-internacional-de-semilleros-de-investigacion\/","title":{"rendered":"\u00a1Orgullo Palermista! Estudiantes del Colegio Franciscano Palermo de San Jos\u00e9 Brillaron en el encuentro Nacional e Internacional de Semilleros de Investigaci\u00f3n"},"content":{"rendered":"\n<p><\/p>\n\n\n\n<p>La investigaci\u00f3n formativa colombiana vivi\u00f3 su m\u00e1xima fiesta la semana pasada con la celebraci\u00f3n del <strong>XXVIII Encuentro Nacional y XXII Encuentro Internacional de Semilleros de Investigaci\u00f3n redCOLSI 2025<\/strong>. El evento, que tuvo lugar en Bogot\u00e1 del 7 al 10 de octubre, reuni\u00f3 a las mentes m\u00e1s brillantes de las instituciones de educaci\u00f3n media y superior de Colombia e invitados internacionales.<\/p>\n\n\n\n<p>El <strong>Colegio Franciscano Palermo de San Jos\u00e9<\/strong> dijo presente en este importante escenario de la mano de tres destacadas estudiantes, quienes representaron con altura al colegio y al departamento.<\/p>\n\n\n\n<figure class=\"wp-container-2 wp-block-gallery-1 wp-block-gallery has-nested-images columns-default is-cropped\">\n<figure class=\"wp-block-image size-large\"><img loading=\"lazy\" width=\"768\" height=\"1024\" data-id=\"4454\"  src=\"https:\/\/palermosj.edu.co\/Portalweb\/wp-content\/uploads\/2025\/10\/WhatsApp-Image-2025-10-09-at-3.23.25-PM-768x1024.jpeg\" alt=\"\" class=\"wp-image-4454\" srcset=\"https:\/\/palermosj.edu.co\/Portalweb\/wp-content\/uploads\/2025\/10\/WhatsApp-Image-2025-10-09-at-3.23.25-PM-768x1024.jpeg 768w, https:\/\/palermosj.edu.co\/Portalweb\/wp-content\/uploads\/2025\/10\/WhatsApp-Image-2025-10-09-at-3.23.25-PM-225x300.jpeg 225w, https:\/\/palermosj.edu.co\/Portalweb\/wp-content\/uploads\/2025\/10\/WhatsApp-Image-2025-10-09-at-3.23.25-PM-600x800.jpeg 600w, https:\/\/palermosj.edu.co\/Portalweb\/wp-content\/uploads\/2025\/10\/WhatsApp-Image-2025-10-09-at-3.23.25-PM-487x649.jpeg 487w, https:\/\/palermosj.edu.co\/Portalweb\/wp-content\/uploads\/2025\/10\/WhatsApp-Image-2025-10-09-at-3.23.25-PM.jpeg 780w\" sizes=\"(max-width: 768px) 100vw, 768px\" \/><\/figure>\n\n\n\n<figure class=\"wp-block-image size-large\"><img loading=\"lazy\" width=\"768\" height=\"1024\" data-id=\"4453\"  src=\"https:\/\/palermosj.edu.co\/Portalweb\/wp-content\/uploads\/2025\/10\/WhatsApp-Image-2025-10-09-at-10.10.37-AM-768x1024.jpeg\" alt=\"\" class=\"wp-image-4453\" srcset=\"https:\/\/palermosj.edu.co\/Portalweb\/wp-content\/uploads\/2025\/10\/WhatsApp-Image-2025-10-09-at-10.10.37-AM-768x1024.jpeg 768w, https:\/\/palermosj.edu.co\/Portalweb\/wp-content\/uploads\/2025\/10\/WhatsApp-Image-2025-10-09-at-10.10.37-AM-225x300.jpeg 225w, https:\/\/palermosj.edu.co\/Portalweb\/wp-content\/uploads\/2025\/10\/WhatsApp-Image-2025-10-09-at-10.10.37-AM-600x800.jpeg 600w, https:\/\/palermosj.edu.co\/Portalweb\/wp-content\/uploads\/2025\/10\/WhatsApp-Image-2025-10-09-at-10.10.37-AM-487x649.jpeg 487w, https:\/\/palermosj.edu.co\/Portalweb\/wp-content\/uploads\/2025\/10\/WhatsApp-Image-2025-10-09-at-10.10.37-AM.jpeg 780w\" sizes=\"(max-width: 768px) 100vw, 768px\" \/><\/figure>\n<\/figure>\n\n\n\n<p><strong>Proyectos con Aval de Excelencia<\/strong><\/p>\n\n\n\n<p>Las estudiantes <strong>Luciana \u00c1lvarez, Oriana Jaramillo y Mariana Henao<\/strong> viajaron a la capital para sustentar sus proyectos, despu\u00e9s de haber obtenido una <strong>calificaci\u00f3n meritoria<\/strong> y el respectivo aval en el Encuentro Departamental de Semilleros de Investigaci\u00f3n (RedCOLSI) realizado en mayo de este a\u00f1o.<\/p>\n\n\n\n<p>Los proyectos presentados por las j\u00f3venes abordan temas de gran relevancia acad\u00e9mica y social:<\/p>\n\n\n\n<ol type=\"1\"><li><strong>&#8220;Religi\u00f3n de la Raz\u00f3n&#8221;<\/strong><\/li><li><strong>&#8220;La energ\u00eda solar, la energ\u00eda del futuro&#8221;<\/strong><\/li><\/ol>\n\n\n\n<p>Con pasi\u00f3n y rigor cient\u00edfico, las estudiantes expusieron sus hallazgos ante evaluadores nacionales e internacionales, demostrando la calidad investigativa que se fomenta desde la educaci\u00f3n media en el colegio.<\/p>\n\n\n\n<p><strong>Un Logro de la Comunidad Educativa<\/strong><\/p>\n\n\n\n<p>La participaci\u00f3n exitosa en un evento de tal magnitud es el resultado del compromiso de toda la comunidad. Reconocemos que estamos muy alegres<strong> y profundamente orgullosos<\/strong> por la dedicaci\u00f3n de Luciana, Oriana y Mariana.<\/p>\n\n\n\n<p>Queremos aprovechar para extender un agradecimiento especial:<\/p>\n\n\n\n<ul><li>A los <strong>maestros del Semillero de Investigaci\u00f3n del colegio (SIPAL)<\/strong>, especialmente a la maestra Luz Marina Duque, cuyo acompa\u00f1amiento constante y mentor\u00eda fueron claves para el desarrollo y perfeccionamiento de los proyectos.<\/li><li>A los <strong>padres de familia<\/strong>, por su inquebrantable apoyo y la confianza depositada en esta &#8220;aventura de la investigaci\u00f3n&#8221;, que impulsa el pensamiento cr\u00edtico y la curiosidad cient\u00edfica en sus hijas.<\/li><\/ul>\n\n\n\n<p>&#8220;Estamos inmensamente felices y orgullosos de la participaci\u00f3n de nuestros estudiantes. Su presencia en la redCOLSI Nacional e Internacional es una muestra de que la investigaci\u00f3n es un pilar fundamental en la formaci\u00f3n integral de nuestros futuros l\u00edderes&#8221;, palabras de la Hna. Adela Mar\u00eda Duque, rectora del colegio.<\/p>\n\n\n\n<p>El Encuentro redCOLSI 2025 se consolida una vez m\u00e1s como el espacio donde se gestan las futuras generaciones de cient\u00edficos e investigadores de Colombia.<\/p>\n\n\n\n<figure class=\"wp-container-4 wp-block-gallery-3 wp-block-gallery has-nested-images columns-default is-cropped\">\n<figure class=\"wp-block-image size-large\"><img loading=\"lazy\" width=\"768\" height=\"1024\" data-id=\"4455\"  src=\"https:\/\/palermosj.edu.co\/Portalweb\/wp-content\/uploads\/2025\/10\/WhatsApp-Image-2025-10-09-at-3.23.28-PM-768x1024.jpeg\" alt=\"\" class=\"wp-image-4455\" srcset=\"https:\/\/palermosj.edu.co\/Portalweb\/wp-content\/uploads\/2025\/10\/WhatsApp-Image-2025-10-09-at-3.23.28-PM-768x1024.jpeg 768w, https:\/\/palermosj.edu.co\/Portalweb\/wp-content\/uploads\/2025\/10\/WhatsApp-Image-2025-10-09-at-3.23.28-PM-225x300.jpeg 225w, https:\/\/palermosj.edu.co\/Portalweb\/wp-content\/uploads\/2025\/10\/WhatsApp-Image-2025-10-09-at-3.23.28-PM-600x800.jpeg 600w, https:\/\/palermosj.edu.co\/Portalweb\/wp-content\/uploads\/2025\/10\/WhatsApp-Image-2025-10-09-at-3.23.28-PM-487x649.jpeg 487w, https:\/\/palermosj.edu.co\/Portalweb\/wp-content\/uploads\/2025\/10\/WhatsApp-Image-2025-10-09-at-3.23.28-PM.jpeg 780w\" sizes=\"(max-width: 768px) 100vw, 768px\" \/><\/figure>\n\n\n\n<figure class=\"wp-block-image size-large\"><img loading=\"lazy\" width=\"768\" height=\"1024\" data-id=\"4456\"  src=\"https:\/\/palermosj.edu.co\/Portalweb\/wp-content\/uploads\/2025\/10\/WhatsApp-Image-2025-10-09-at-10.12.20-AM-768x1024.jpeg\" alt=\"\" class=\"wp-image-4456\" srcset=\"https:\/\/palermosj.edu.co\/Portalweb\/wp-content\/uploads\/2025\/10\/WhatsApp-Image-2025-10-09-at-10.12.20-AM-768x1024.jpeg 768w, https:\/\/palermosj.edu.co\/Portalweb\/wp-content\/uploads\/2025\/10\/WhatsApp-Image-2025-10-09-at-10.12.20-AM-225x300.jpeg 225w, https:\/\/palermosj.edu.co\/Portalweb\/wp-content\/uploads\/2025\/10\/WhatsApp-Image-2025-10-09-at-10.12.20-AM-1152x1536.jpeg 1152w, https:\/\/palermosj.edu.co\/Portalweb\/wp-content\/uploads\/2025\/10\/WhatsApp-Image-2025-10-09-at-10.12.20-AM-1536x2048.jpeg 1536w, https:\/\/palermosj.edu.co\/Portalweb\/wp-content\/uploads\/2025\/10\/WhatsApp-Image-2025-10-09-at-10.12.20-AM-600x800.jpeg 600w, https:\/\/palermosj.edu.co\/Portalweb\/wp-content\/uploads\/2025\/10\/WhatsApp-Image-2025-10-09-at-10.12.20-AM-487x649.jpeg 487w, https:\/\/palermosj.edu.co\/Portalweb\/wp-content\/uploads\/2025\/10\/WhatsApp-Image-2025-10-09-at-10.12.20-AM-scaled.jpeg 1920w\" sizes=\"(max-width: 768px) 100vw, 768px\" \/><\/figure>\n<\/figure>\n\n\n\n<p>&nbsp;#RedCOLSI #Investigaci\u00f3n #SemillerosDeInvestigaci\u00f3n #Ciencia #Innovaci\u00f3n #Educaci\u00f3n #Colombia #Bogot\u00e1 #PazYBien #SoyPalermo #HabilidadesParaLaVida<\/p>\n","protected":false},"excerpt":{"rendered":"<p>La investigaci\u00f3n formativa colombiana vivi\u00f3 su m\u00e1xima fiesta la semana pasada con la celebraci\u00f3n del XXVIII Encuentro Nacional y XXII Encuentro Internacional de Semilleros de Investigaci\u00f3n redCOLSI 2025. El evento, que tuvo lugar en Bogot\u00e1 del 7 al 10 de octubre, reuni\u00f3 a las mentes m\u00e1s brillantes de las instituciones de educaci\u00f3n media y superior &hellip;<\/p>\n<p class=\"read-more\"> <a class=\"\" href=\"https:\/\/palermosj.edu.co\/Portalweb\/orgullo-palermista-estudiantes-del-colegio-franciscano-palermo-de-san-jose-brillaron-en-el-encuentro-nacional-e-internacional-de-semilleros-de-investigacion\/\"> <span class=\"screen-reader-text\">\u00a1Orgullo Palermista! Estudiantes del Colegio Franciscano Palermo de San Jos\u00e9 Brillaron en el encuentro Nacional e Internacional de Semilleros de Investigaci\u00f3n<\/span> Leer m\u00e1s &raquo;<\/a><\/p>\n","protected":false},"author":3,"featured_media":0,"parent":0,"menu_order":0,"comment_status":"closed","ping_status":"closed","template":"","meta":{"ngg_post_thumbnail":0},"_links":{"self":[{"href":"https:\/\/palermosj.edu.co\/Portalweb\/wp-json\/wp\/v2\/pages\/4452"}],"collection":[{"href":"https:\/\/palermosj.edu.co\/Portalweb\/wp-json\/wp\/v2\/pages"}],"about":[{"href":"https:\/\/palermosj.edu.co\/Portalweb\/wp-json\/wp\/v2\/types\/page"}],"author":[{"embeddable":true,"href":"https:\/\/palermosj.edu.co\/Portalweb\/wp-json\/wp\/v2\/users\/3"}],"replies":[{"embeddable":true,"href":"https:\/\/palermosj.edu.co\/Portalweb\/wp-json\/wp\/v2\/comments?post=4452"}],"version-history":[{"count":1,"href":"https:\/\/palermosj.edu.co\/Portalweb\/wp-json\/wp\/v2\/pages\/4452\/revisions"}],"predecessor-version":[{"id":4457,"href":"https:\/\/palermosj.edu.co\/Portalweb\/wp-json\/wp\/v2\/pages\/4452\/revisions\/4457"}],"wp:attachment":[{"href":"https:\/\/palermosj.edu.co\/Portalweb\/wp-json\/wp\/v2\/media?parent=4452"}],"curies":[{"name":"wp","href":"https:\/\/api.w.org\/{rel}","templated":true}]}}