{"id":4443,"date":"2025-10-14T15:27:48","date_gmt":"2025-10-14T20:27:48","guid":{"rendered":"https:\/\/palermosj.edu.co\/Portalweb\/?page_id=4443"},"modified":"2025-10-14T15:27:49","modified_gmt":"2025-10-14T20:27:49","slug":"el-porrismo-brillo-en-cundinamarca-colegio-franciscano-palermo-de-san-jose-campeon-en-zipaquira","status":"publish","type":"page","link":"https:\/\/palermosj.edu.co\/Portalweb\/el-porrismo-brillo-en-cundinamarca-colegio-franciscano-palermo-de-san-jose-campeon-en-zipaquira\/","title":{"rendered":"El Porrismo Brill\u00f3 en Cundinamarca: Colegio Franciscano Palermo de San Jos\u00e9, Campe\u00f3n en Zipaquir\u00e1"},"content":{"rendered":"\n<p><strong>El Porrismo Brill\u00f3 en Cundinamarca: Colegio Franciscano Palermo de San Jos\u00e9, Campe\u00f3n en Zipaquir\u00e1<\/strong><\/p>\n\n\n\n<p>La pasi\u00f3n, la acrobacia y la energ\u00eda del porrismo colombiano se tomaron Zipaquir\u00e1, Cundinamarca, los pasados <strong>11 y 12 de octubre<\/strong>, con la realizaci\u00f3n del <strong>Campeonato Nacional Interligas FEDECOLCHEER<\/strong>. El evento, organizado por la Federaci\u00f3n Colombiana de Porrismo, reuni\u00f3 a las mejores delegaciones del pa\u00eds en el emblem\u00e1tico Coliseo Arena de Sal.<\/p>\n\n\n\n<p>En el marco de esta gran cita deportiva, que incluy\u00f3 el <strong>Campeonato Nacional Colegial y Universitario<\/strong>, nuestro <strong>Colegio Franciscano Palermo de San Jos\u00e9<\/strong> de Envigado logr\u00f3 una destacada y memorable participaci\u00f3n, dejando en alto el nombre de la instituci\u00f3n con importantes logros.<\/p>\n\n\n\n<p><strong>Dos Podios para el Palermo de San Jos\u00e9<\/strong><\/p>\n\n\n\n<p>El equipo del Colegio Franciscano Palermo de San Jos\u00e9 demostr\u00f3 su excelencia, creatividad y disciplina en la modalidad de <strong>Performance Cheer<\/strong>, cosechando dos importantes reconocimientos en las categor\u00edas mini colegiales:<\/p>\n\n\n\n<figure class=\"wp-block-table\"><table><thead><tr><td>Categor\u00eda<\/td><td>Posici\u00f3n<\/td><td>Reconocimiento<\/td><\/tr><\/thead><tbody><tr><td><strong>Hip Hop Mini Colegial<\/strong><\/td><td>Primer Puesto<\/td><td><strong>Medalla de Oro<\/strong><\/td><\/tr><tr><td><strong>Pom Pom Mini Colegial<\/strong><\/td><td>Segundo Puesto<\/td><td><strong>Medalla de Plata<\/strong><\/td><\/tr><\/tbody><\/table><\/figure>\n\n\n\n<p><\/p>\n\n\n\n<figure class=\"wp-container-2 wp-block-gallery-1 wp-block-gallery has-nested-images columns-default is-cropped\">\n<figure class=\"wp-block-image size-large\"><img loading=\"lazy\" width=\"1024\" height=\"768\" data-id=\"4445\"  src=\"https:\/\/palermosj.edu.co\/Portalweb\/wp-content\/uploads\/2025\/10\/WhatsApp-Image-2025-10-12-at-3.35.42-PM-1-1024x768.jpeg\" alt=\"\" class=\"wp-image-4445\" srcset=\"https:\/\/palermosj.edu.co\/Portalweb\/wp-content\/uploads\/2025\/10\/WhatsApp-Image-2025-10-12-at-3.35.42-PM-1-1024x768.jpeg 1024w, https:\/\/palermosj.edu.co\/Portalweb\/wp-content\/uploads\/2025\/10\/WhatsApp-Image-2025-10-12-at-3.35.42-PM-1-300x225.jpeg 300w, https:\/\/palermosj.edu.co\/Portalweb\/wp-content\/uploads\/2025\/10\/WhatsApp-Image-2025-10-12-at-3.35.42-PM-1-768x576.jpeg 768w, https:\/\/palermosj.edu.co\/Portalweb\/wp-content\/uploads\/2025\/10\/WhatsApp-Image-2025-10-12-at-3.35.42-PM-1-600x450.jpeg 600w, https:\/\/palermosj.edu.co\/Portalweb\/wp-content\/uploads\/2025\/10\/WhatsApp-Image-2025-10-12-at-3.35.42-PM-1-865x649.jpeg 865w, https:\/\/palermosj.edu.co\/Portalweb\/wp-content\/uploads\/2025\/10\/WhatsApp-Image-2025-10-12-at-3.35.42-PM-1.jpeg 1280w\" sizes=\"(max-width: 1024px) 100vw, 1024px\" \/><\/figure>\n\n\n\n<figure class=\"wp-block-image size-large\"><img loading=\"lazy\" width=\"1024\" height=\"768\" data-id=\"4444\"  src=\"https:\/\/palermosj.edu.co\/Portalweb\/wp-content\/uploads\/2025\/10\/WhatsApp-Image-2025-10-12-at-3.35.42-PM-1024x768.jpeg\" alt=\"\" class=\"wp-image-4444\" srcset=\"https:\/\/palermosj.edu.co\/Portalweb\/wp-content\/uploads\/2025\/10\/WhatsApp-Image-2025-10-12-at-3.35.42-PM-1024x768.jpeg 1024w, https:\/\/palermosj.edu.co\/Portalweb\/wp-content\/uploads\/2025\/10\/WhatsApp-Image-2025-10-12-at-3.35.42-PM-300x225.jpeg 300w, https:\/\/palermosj.edu.co\/Portalweb\/wp-content\/uploads\/2025\/10\/WhatsApp-Image-2025-10-12-at-3.35.42-PM-768x576.jpeg 768w, https:\/\/palermosj.edu.co\/Portalweb\/wp-content\/uploads\/2025\/10\/WhatsApp-Image-2025-10-12-at-3.35.42-PM-600x450.jpeg 600w, https:\/\/palermosj.edu.co\/Portalweb\/wp-content\/uploads\/2025\/10\/WhatsApp-Image-2025-10-12-at-3.35.42-PM-865x649.jpeg 865w, https:\/\/palermosj.edu.co\/Portalweb\/wp-content\/uploads\/2025\/10\/WhatsApp-Image-2025-10-12-at-3.35.42-PM.jpeg 1280w\" sizes=\"(max-width: 1024px) 100vw, 1024px\" \/><\/figure>\n<\/figure>\n\n\n\n<p>Estamos sumamente felices con este logro. &#8220;Estamos muy orgullosos de su participaci\u00f3n. Este resultado es fruto de la dedicaci\u00f3n, el esfuerzo y el esp\u00edritu de equipo de nuestras estudiantes&#8221;, manifest\u00f3 la Hna. Adela Mar\u00eda Duque Pineda, rectora del Palermo.<\/p>\n\n\n\n<p>El \u00e9xito fue compartido, extendiendo un profundo agradecimiento a los <strong>maestros acompa\u00f1antes<\/strong> por su gu\u00eda y compromiso, y a las <strong>familias<\/strong> por el incondicional apoyo brindado durante todo el proceso de preparaci\u00f3n y competencia.<\/p>\n\n\n\n<p><strong>Reconocimiento a Egresadas Campeonas<\/strong><\/p>\n\n\n\n<p>La jornada tambi\u00e9n fue motivo de orgullo franciscano al celebrar el triunfo de dos destacadas egresadas del colegio. <strong>Sarah Echeverri Osorio<\/strong> y <strong>Susana Silva<\/strong> participaron en sus respectivas categor\u00edas, logrando el t\u00edtulo de <strong>Campeonas<\/strong>.<\/p>\n\n\n\n<p>El Colegio Franciscano Palermo de San Jos\u00e9 extiende unas sinceras felicitaciones a todos los participantes, a los nuevos talentos que se coronaron y, especialmente, a sus estudiantes y egresadas por los resultados que reafirman el liderazgo deportivo y la calidad formativa de la instituci\u00f3n en el \u00e1mbito nacional.<\/p>\n\n\n\n<p>El Campeonato Nacional Interligas de FECOLCHEER concluy\u00f3 como un \u00e9xito rotundo, promoviendo el deporte y la sana competencia en el municipio de Zipaquir\u00e1.<\/p>\n\n\n\n<figure class=\"wp-container-4 wp-block-gallery-3 wp-block-gallery has-nested-images columns-default is-cropped\">\n<figure class=\"wp-block-image size-large\"><img loading=\"lazy\" width=\"1024\" height=\"768\" data-id=\"4447\"  src=\"https:\/\/palermosj.edu.co\/Portalweb\/wp-content\/uploads\/2025\/10\/WhatsApp-Image-2025-10-13-at-8.36.49-AM-1024x768.jpeg\" alt=\"\" class=\"wp-image-4447\" srcset=\"https:\/\/palermosj.edu.co\/Portalweb\/wp-content\/uploads\/2025\/10\/WhatsApp-Image-2025-10-13-at-8.36.49-AM-1024x768.jpeg 1024w, https:\/\/palermosj.edu.co\/Portalweb\/wp-content\/uploads\/2025\/10\/WhatsApp-Image-2025-10-13-at-8.36.49-AM-300x225.jpeg 300w, https:\/\/palermosj.edu.co\/Portalweb\/wp-content\/uploads\/2025\/10\/WhatsApp-Image-2025-10-13-at-8.36.49-AM-768x576.jpeg 768w, https:\/\/palermosj.edu.co\/Portalweb\/wp-content\/uploads\/2025\/10\/WhatsApp-Image-2025-10-13-at-8.36.49-AM-1536x1152.jpeg 1536w, https:\/\/palermosj.edu.co\/Portalweb\/wp-content\/uploads\/2025\/10\/WhatsApp-Image-2025-10-13-at-8.36.49-AM-600x450.jpeg 600w, https:\/\/palermosj.edu.co\/Portalweb\/wp-content\/uploads\/2025\/10\/WhatsApp-Image-2025-10-13-at-8.36.49-AM-865x649.jpeg 865w, https:\/\/palermosj.edu.co\/Portalweb\/wp-content\/uploads\/2025\/10\/WhatsApp-Image-2025-10-13-at-8.36.49-AM.jpeg 1600w\" sizes=\"(max-width: 1024px) 100vw, 1024px\" \/><\/figure>\n\n\n\n<figure class=\"wp-block-image size-large\"><img loading=\"lazy\" width=\"1024\" height=\"688\" data-id=\"4446\"  src=\"https:\/\/palermosj.edu.co\/Portalweb\/wp-content\/uploads\/2025\/10\/WhatsApp-Image-2025-10-14-at-10.24.58-AM-1024x688.jpeg\" alt=\"\" class=\"wp-image-4446\" srcset=\"https:\/\/palermosj.edu.co\/Portalweb\/wp-content\/uploads\/2025\/10\/WhatsApp-Image-2025-10-14-at-10.24.58-AM-1024x688.jpeg 1024w, https:\/\/palermosj.edu.co\/Portalweb\/wp-content\/uploads\/2025\/10\/WhatsApp-Image-2025-10-14-at-10.24.58-AM-300x202.jpeg 300w, https:\/\/palermosj.edu.co\/Portalweb\/wp-content\/uploads\/2025\/10\/WhatsApp-Image-2025-10-14-at-10.24.58-AM-768x516.jpeg 768w, https:\/\/palermosj.edu.co\/Portalweb\/wp-content\/uploads\/2025\/10\/WhatsApp-Image-2025-10-14-at-10.24.58-AM-600x403.jpeg 600w, https:\/\/palermosj.edu.co\/Portalweb\/wp-content\/uploads\/2025\/10\/WhatsApp-Image-2025-10-14-at-10.24.58-AM-965x649.jpeg 965w, https:\/\/palermosj.edu.co\/Portalweb\/wp-content\/uploads\/2025\/10\/WhatsApp-Image-2025-10-14-at-10.24.58-AM.jpeg 1324w\" sizes=\"(max-width: 1024px) 100vw, 1024px\" \/><\/figure>\n<\/figure>\n\n\n\n<p>#PazYBien #SoyPalermo #HabilidadesParaLaVida #Porrismo #Cheer #HipHop #PomPom #Baile #Equipo<\/p>\n","protected":false},"excerpt":{"rendered":"<p>El Porrismo Brill\u00f3 en Cundinamarca: Colegio Franciscano Palermo de San Jos\u00e9, Campe\u00f3n en Zipaquir\u00e1 La pasi\u00f3n, la acrobacia y la energ\u00eda del porrismo colombiano se tomaron Zipaquir\u00e1, Cundinamarca, los pasados 11 y 12 de octubre, con la realizaci\u00f3n del Campeonato Nacional Interligas FEDECOLCHEER. El evento, organizado por la Federaci\u00f3n Colombiana de Porrismo, reuni\u00f3 a las &hellip;<\/p>\n<p class=\"read-more\"> <a class=\"\" href=\"https:\/\/palermosj.edu.co\/Portalweb\/el-porrismo-brillo-en-cundinamarca-colegio-franciscano-palermo-de-san-jose-campeon-en-zipaquira\/\"> <span class=\"screen-reader-text\">El Porrismo Brill\u00f3 en Cundinamarca: Colegio Franciscano Palermo de San Jos\u00e9, Campe\u00f3n en Zipaquir\u00e1<\/span> Leer m\u00e1s &raquo;<\/a><\/p>\n","protected":false},"author":3,"featured_media":0,"parent":0,"menu_order":0,"comment_status":"closed","ping_status":"closed","template":"","meta":{"ngg_post_thumbnail":0},"_links":{"self":[{"href":"https:\/\/palermosj.edu.co\/Portalweb\/wp-json\/wp\/v2\/pages\/4443"}],"collection":[{"href":"https:\/\/palermosj.edu.co\/Portalweb\/wp-json\/wp\/v2\/pages"}],"about":[{"href":"https:\/\/palermosj.edu.co\/Portalweb\/wp-json\/wp\/v2\/types\/page"}],"author":[{"embeddable":true,"href":"https:\/\/palermosj.edu.co\/Portalweb\/wp-json\/wp\/v2\/users\/3"}],"replies":[{"embeddable":true,"href":"https:\/\/palermosj.edu.co\/Portalweb\/wp-json\/wp\/v2\/comments?post=4443"}],"version-history":[{"count":1,"href":"https:\/\/palermosj.edu.co\/Portalweb\/wp-json\/wp\/v2\/pages\/4443\/revisions"}],"predecessor-version":[{"id":4448,"href":"https:\/\/palermosj.edu.co\/Portalweb\/wp-json\/wp\/v2\/pages\/4443\/revisions\/4448"}],"wp:attachment":[{"href":"https:\/\/palermosj.edu.co\/Portalweb\/wp-json\/wp\/v2\/media?parent=4443"}],"curies":[{"name":"wp","href":"https:\/\/api.w.org\/{rel}","templated":true}]}}