{"id":3238,"date":"2023-04-19T15:36:05","date_gmt":"2023-04-19T20:36:05","guid":{"rendered":"https:\/\/palermosj.edu.co\/Portalweb\/?page_id=3238"},"modified":"2023-04-19T15:51:43","modified_gmt":"2023-04-19T20:51:43","slug":"elementor-3238","status":"publish","type":"page","link":"https:\/\/palermosj.edu.co\/Portalweb\/elementor-3238\/","title":{"rendered":"Comit\u00e9 de Convivencia Laboral"},"content":{"rendered":"\t\t<div data-elementor-type=\"wp-page\" data-elementor-id=\"3238\" class=\"elementor elementor-3238\" data-elementor-settings=\"[]\">\n\t\t\t\t\t\t<div class=\"elementor-inner\">\n\t\t\t\t\t\t\t<div class=\"elementor-section-wrap\">\n\t\t\t\t\t\t\t<section class=\"elementor-section elementor-top-section elementor-element elementor-element-1fad532 elementor-section-boxed elementor-section-height-default elementor-section-height-default\" data-id=\"1fad532\" data-element_type=\"section\">\n\t\t\t\t\t\t<div class=\"elementor-container elementor-column-gap-default\">\n\t\t\t\t\t\t\t<div class=\"elementor-row\">\n\t\t\t\t\t<div class=\"elementor-column elementor-col-100 elementor-top-column elementor-element elementor-element-25bdd6c\" data-id=\"25bdd6c\" data-element_type=\"column\">\n\t\t\t<div class=\"elementor-column-wrap elementor-element-populated\">\n\t\t\t\t\t\t\t<div class=\"elementor-widget-wrap\">\n\t\t\t\t\t\t<div class=\"elementor-element elementor-element-b053011 elementor-widget elementor-widget-heading\" data-id=\"b053011\" data-element_type=\"widget\" data-widget_type=\"heading.default\">\n\t\t\t\t<div class=\"elementor-widget-container\">\n\t\t\t<h2 class=\"elementor-heading-title elementor-size-default\">Comit\u00e9 de Convivencia Laboral<\/h2>\t\t<\/div>\n\t\t\t\t<\/div>\n\t\t\t\t\t\t<\/div>\n\t\t\t\t\t<\/div>\n\t\t<\/div>\n\t\t\t\t\t\t\t\t<\/div>\n\t\t\t\t\t<\/div>\n\t\t<\/section>\n\t\t\t\t<section class=\"elementor-section elementor-top-section elementor-element elementor-element-312fef4 elementor-section-boxed elementor-section-height-default elementor-section-height-default\" data-id=\"312fef4\" data-element_type=\"section\">\n\t\t\t\t\t\t<div class=\"elementor-container elementor-column-gap-default\">\n\t\t\t\t\t\t\t<div class=\"elementor-row\">\n\t\t\t\t\t<div class=\"elementor-column elementor-col-100 elementor-top-column elementor-element elementor-element-3f13437\" data-id=\"3f13437\" data-element_type=\"column\">\n\t\t\t<div class=\"elementor-column-wrap elementor-element-populated\">\n\t\t\t\t\t\t\t<div class=\"elementor-widget-wrap\">\n\t\t\t\t\t\t<div class=\"elementor-element elementor-element-da7055a elementor-widget elementor-widget-image\" data-id=\"da7055a\" data-element_type=\"widget\" data-widget_type=\"image.default\">\n\t\t\t\t<div class=\"elementor-widget-container\">\n\t\t\t\t\t\t\t\t<div class=\"elementor-image\">\n\t\t\t\t\t\t\t\t\t\t\t\t<img width=\"768\" height=\"576\" src=\"https:\/\/palermosj.edu.co\/Portalweb\/wp-content\/uploads\/2023\/04\/5f28f069-1c8e-4d27-a482-634a05d4fef8-768x576.jpg\" class=\"attachment-medium_large size-medium_large\" alt=\"\" loading=\"lazy\" srcset=\"https:\/\/palermosj.edu.co\/Portalweb\/wp-content\/uploads\/2023\/04\/5f28f069-1c8e-4d27-a482-634a05d4fef8-768x576.jpg 768w, https:\/\/palermosj.edu.co\/Portalweb\/wp-content\/uploads\/2023\/04\/5f28f069-1c8e-4d27-a482-634a05d4fef8-300x225.jpg 300w, https:\/\/palermosj.edu.co\/Portalweb\/wp-content\/uploads\/2023\/04\/5f28f069-1c8e-4d27-a482-634a05d4fef8-1024x768.jpg 1024w, https:\/\/palermosj.edu.co\/Portalweb\/wp-content\/uploads\/2023\/04\/5f28f069-1c8e-4d27-a482-634a05d4fef8-1536x1152.jpg 1536w, https:\/\/palermosj.edu.co\/Portalweb\/wp-content\/uploads\/2023\/04\/5f28f069-1c8e-4d27-a482-634a05d4fef8-600x450.jpg 600w, https:\/\/palermosj.edu.co\/Portalweb\/wp-content\/uploads\/2023\/04\/5f28f069-1c8e-4d27-a482-634a05d4fef8-865x649.jpg 865w, https:\/\/palermosj.edu.co\/Portalweb\/wp-content\/uploads\/2023\/04\/5f28f069-1c8e-4d27-a482-634a05d4fef8.jpg 1600w\" sizes=\"(max-width: 768px) 100vw, 768px\" \/>\t\t\t\t\t\t\t\t\t\t\t\t\t\t<\/div>\n\t\t\t\t\t\t<\/div>\n\t\t\t\t<\/div>\n\t\t\t\t\t\t<\/div>\n\t\t\t\t\t<\/div>\n\t\t<\/div>\n\t\t\t\t\t\t\t\t<\/div>\n\t\t\t\t\t<\/div>\n\t\t<\/section>\n\t\t\t\t<section class=\"elementor-section elementor-top-section elementor-element elementor-element-3249c9e elementor-section-boxed elementor-section-height-default elementor-section-height-default\" data-id=\"3249c9e\" data-element_type=\"section\">\n\t\t\t\t\t\t<div class=\"elementor-container elementor-column-gap-default\">\n\t\t\t\t\t\t\t<div class=\"elementor-row\">\n\t\t\t\t\t<div class=\"elementor-column elementor-col-100 elementor-top-column elementor-element elementor-element-ce82065\" data-id=\"ce82065\" data-element_type=\"column\">\n\t\t\t<div class=\"elementor-column-wrap elementor-element-populated\">\n\t\t\t\t\t\t\t<div class=\"elementor-widget-wrap\">\n\t\t\t\t\t\t<div class=\"elementor-element elementor-element-8539e0f elementor-widget elementor-widget-text-editor\" data-id=\"8539e0f\" data-element_type=\"widget\" data-widget_type=\"text-editor.default\">\n\t\t\t\t<div class=\"elementor-widget-container\">\n\t\t\t\t\t\t\t\t<div class=\"elementor-text-editor elementor-clearfix\">\n\t\t\t\t<h4 style=\"text-align: center;\"><span style=\"color: #23267a;\">El Comit\u00e9 de Convivencia Laboral tiene por objeto la prevenci\u00f3n de las conductas de acoso<\/span><br \/><span style=\"color: #23267a;\">laboral y la atenci\u00f3n de los casos en que tales conductas pudieran presentarse. El Comit\u00e9<\/span><br \/><span style=\"color: #23267a;\">procurar\u00e1 por medio de actividades de sensibilizaci\u00f3n, capacitaci\u00f3n y vigilancia peri\u00f3dica,<\/span><br \/><span style=\"color: #23267a;\">promover relaciones laborales propicias para la salud mental y el respeto a la dignidad de<\/span><br \/><span style=\"color: #23267a;\">los empleados de todos los niveles jer\u00e1rquicos del Colegio Franciscano Palermo de San<\/span><br \/><span style=\"color: #23267a;\">Jos\u00e9, mediante estrategias de promoci\u00f3n, prevenci\u00f3n e intervenci\u00f3n para <\/span><span style=\"color: #23267a;\">la resoluci\u00f3n de<\/span><br \/><span style=\"color: #23267a;\">conflictos.<\/span><\/h4><h5 style=\"text-align: center;\"><a href=\"https:\/\/palermosj.edu.co\/Portalweb\/wp-content\/uploads\/2023\/04\/MANUAL-DE-CONVIVENCIA-LABORAL.pdf\">Aqu\u00ed puedes leer todo nuestro reglamento.<\/a><\/h5>\t\t\t\t\t<\/div>\n\t\t\t\t\t\t<\/div>\n\t\t\t\t<\/div>\n\t\t\t\t\t\t<\/div>\n\t\t\t\t\t<\/div>\n\t\t<\/div>\n\t\t\t\t\t\t\t\t<\/div>\n\t\t\t\t\t<\/div>\n\t\t<\/section>\n\t\t\t\t\t\t<\/div>\n\t\t\t\t\t\t<\/div>\n\t\t\t\t\t<\/div>\n\t\t","protected":false},"excerpt":{"rendered":"<p>Comit\u00e9 de Convivencia Laboral El Comit\u00e9 de Convivencia Laboral tiene por objeto la prevenci\u00f3n de las conductas de acosolaboral y la atenci\u00f3n de los casos en que tales conductas pudieran presentarse. El Comit\u00e9procurar\u00e1 por medio de actividades de sensibilizaci\u00f3n, capacitaci\u00f3n y vigilancia peri\u00f3dica,promover relaciones laborales propicias para la salud mental y el respeto a la &hellip;<\/p>\n<p class=\"read-more\"> <a class=\"\" href=\"https:\/\/palermosj.edu.co\/Portalweb\/elementor-3238\/\"> <span class=\"screen-reader-text\">Comit\u00e9 de Convivencia Laboral<\/span> Leer m\u00e1s &raquo;<\/a><\/p>\n","protected":false},"author":1,"featured_media":0,"parent":0,"menu_order":0,"comment_status":"closed","ping_status":"closed","template":"","meta":{"ngg_post_thumbnail":0},"_links":{"self":[{"href":"https:\/\/palermosj.edu.co\/Portalweb\/wp-json\/wp\/v2\/pages\/3238"}],"collection":[{"href":"https:\/\/palermosj.edu.co\/Portalweb\/wp-json\/wp\/v2\/pages"}],"about":[{"href":"https:\/\/palermosj.edu.co\/Portalweb\/wp-json\/wp\/v2\/types\/page"}],"author":[{"embeddable":true,"href":"https:\/\/palermosj.edu.co\/Portalweb\/wp-json\/wp\/v2\/users\/1"}],"replies":[{"embeddable":true,"href":"https:\/\/palermosj.edu.co\/Portalweb\/wp-json\/wp\/v2\/comments?post=3238"}],"version-history":[{"count":11,"href":"https:\/\/palermosj.edu.co\/Portalweb\/wp-json\/wp\/v2\/pages\/3238\/revisions"}],"predecessor-version":[{"id":3252,"href":"https:\/\/palermosj.edu.co\/Portalweb\/wp-json\/wp\/v2\/pages\/3238\/revisions\/3252"}],"wp:attachment":[{"href":"https:\/\/palermosj.edu.co\/Portalweb\/wp-json\/wp\/v2\/media?parent=3238"}],"curies":[{"name":"wp","href":"https:\/\/api.w.org\/{rel}","templated":true}]}}