{"id":3224,"date":"2023-04-19T14:21:20","date_gmt":"2023-04-19T19:21:20","guid":{"rendered":"https:\/\/palermosj.edu.co\/Portalweb\/?page_id=3224"},"modified":"2024-04-30T15:04:34","modified_gmt":"2024-04-30T20:04:34","slug":"elementor-3224","status":"publish","type":"page","link":"https:\/\/palermosj.edu.co\/Portalweb\/elementor-3224\/","title":{"rendered":"Primeros Auxilios"},"content":{"rendered":"\t\t<div data-elementor-type=\"wp-page\" data-elementor-id=\"3224\" class=\"elementor elementor-3224\" data-elementor-settings=\"[]\">\n\t\t\t\t\t\t<div class=\"elementor-inner\">\n\t\t\t\t\t\t\t<div class=\"elementor-section-wrap\">\n\t\t\t\t\t\t\t<section class=\"elementor-section elementor-top-section elementor-element elementor-element-4617ddb elementor-section-boxed elementor-section-height-default elementor-section-height-default\" data-id=\"4617ddb\" data-element_type=\"section\">\n\t\t\t\t\t\t<div class=\"elementor-container elementor-column-gap-default\">\n\t\t\t\t\t\t\t<div class=\"elementor-row\">\n\t\t\t\t\t<div class=\"elementor-column elementor-col-100 elementor-top-column elementor-element elementor-element-7695349\" data-id=\"7695349\" data-element_type=\"column\">\n\t\t\t<div class=\"elementor-column-wrap elementor-element-populated\">\n\t\t\t\t\t\t\t<div class=\"elementor-widget-wrap\">\n\t\t\t\t\t\t<div class=\"elementor-element elementor-element-0fcc307 elementor-widget elementor-widget-heading\" data-id=\"0fcc307\" data-element_type=\"widget\" data-widget_type=\"heading.default\">\n\t\t\t\t<div class=\"elementor-widget-container\">\n\t\t\t<h2 class=\"elementor-heading-title elementor-size-default\">Servicio de primeros auxilios<\/h2>\t\t<\/div>\n\t\t\t\t<\/div>\n\t\t\t\t\t\t<\/div>\n\t\t\t\t\t<\/div>\n\t\t<\/div>\n\t\t\t\t\t\t\t\t<\/div>\n\t\t\t\t\t<\/div>\n\t\t<\/section>\n\t\t\t\t<section class=\"elementor-section elementor-top-section elementor-element elementor-element-368a289 elementor-section-boxed elementor-section-height-default elementor-section-height-default\" data-id=\"368a289\" data-element_type=\"section\">\n\t\t\t\t\t\t<div class=\"elementor-container elementor-column-gap-default\">\n\t\t\t\t\t\t\t<div class=\"elementor-row\">\n\t\t\t\t\t<div class=\"elementor-column elementor-col-100 elementor-top-column elementor-element elementor-element-8f73436\" data-id=\"8f73436\" data-element_type=\"column\">\n\t\t\t<div class=\"elementor-column-wrap elementor-element-populated\">\n\t\t\t\t\t\t\t<div class=\"elementor-widget-wrap\">\n\t\t\t\t\t\t<div class=\"elementor-element elementor-element-fde5e9f elementor-widget elementor-widget-image\" data-id=\"fde5e9f\" data-element_type=\"widget\" data-widget_type=\"image.default\">\n\t\t\t\t<div class=\"elementor-widget-container\">\n\t\t\t\t\t\t\t\t<div class=\"elementor-image\">\n\t\t\t\t\t\t\t\t\t\t\t\t<img width=\"1600\" height=\"702\" src=\"https:\/\/palermosj.edu.co\/Portalweb\/wp-content\/uploads\/2024\/04\/3b1bbbbc-e4a4-4cb5-a35b-a8aaaed8f380.jpg\" class=\"attachment-full size-full\" alt=\"\" loading=\"lazy\" srcset=\"https:\/\/palermosj.edu.co\/Portalweb\/wp-content\/uploads\/2024\/04\/3b1bbbbc-e4a4-4cb5-a35b-a8aaaed8f380.jpg 1600w, https:\/\/palermosj.edu.co\/Portalweb\/wp-content\/uploads\/2024\/04\/3b1bbbbc-e4a4-4cb5-a35b-a8aaaed8f380-300x132.jpg 300w, https:\/\/palermosj.edu.co\/Portalweb\/wp-content\/uploads\/2024\/04\/3b1bbbbc-e4a4-4cb5-a35b-a8aaaed8f380-1024x449.jpg 1024w, https:\/\/palermosj.edu.co\/Portalweb\/wp-content\/uploads\/2024\/04\/3b1bbbbc-e4a4-4cb5-a35b-a8aaaed8f380-768x337.jpg 768w, https:\/\/palermosj.edu.co\/Portalweb\/wp-content\/uploads\/2024\/04\/3b1bbbbc-e4a4-4cb5-a35b-a8aaaed8f380-1536x674.jpg 1536w, https:\/\/palermosj.edu.co\/Portalweb\/wp-content\/uploads\/2024\/04\/3b1bbbbc-e4a4-4cb5-a35b-a8aaaed8f380-600x263.jpg 600w, https:\/\/palermosj.edu.co\/Portalweb\/wp-content\/uploads\/2024\/04\/3b1bbbbc-e4a4-4cb5-a35b-a8aaaed8f380-1479x649.jpg 1479w\" sizes=\"(max-width: 1600px) 100vw, 1600px\" \/>\t\t\t\t\t\t\t\t\t\t\t\t\t\t<\/div>\n\t\t\t\t\t\t<\/div>\n\t\t\t\t<\/div>\n\t\t\t\t\t\t<\/div>\n\t\t\t\t\t<\/div>\n\t\t<\/div>\n\t\t\t\t\t\t\t\t<\/div>\n\t\t\t\t\t<\/div>\n\t\t<\/section>\n\t\t\t\t<section class=\"elementor-section elementor-top-section elementor-element elementor-element-d587779 elementor-section-boxed elementor-section-height-default elementor-section-height-default\" data-id=\"d587779\" data-element_type=\"section\">\n\t\t\t\t\t\t<div class=\"elementor-container elementor-column-gap-default\">\n\t\t\t\t\t\t\t<div class=\"elementor-row\">\n\t\t\t\t\t<div class=\"elementor-column elementor-col-100 elementor-top-column elementor-element elementor-element-85330f4\" data-id=\"85330f4\" data-element_type=\"column\">\n\t\t\t<div class=\"elementor-column-wrap elementor-element-populated\">\n\t\t\t\t\t\t\t<div class=\"elementor-widget-wrap\">\n\t\t\t\t\t\t<div class=\"elementor-element elementor-element-e8f05b7 elementor-widget elementor-widget-text-editor\" data-id=\"e8f05b7\" data-element_type=\"widget\" data-widget_type=\"text-editor.default\">\n\t\t\t\t<div class=\"elementor-widget-container\">\n\t\t\t\t\t\t\t\t<div class=\"elementor-text-editor elementor-clearfix\">\n\t\t\t\t<h5><span style=\"color: #333399;\">Los primeros auxilios son los cuidados y t\u00e9cnicas sanitarias b\u00e1sicas que se llevan a cabo en los\u00a0 momentos iniciales y con medios especializados inmediatos, adecuados y provisionales brindados a las personas con situaciones de emergencia, accidentes o con enfermedades de aparici\u00f3n s\u00fabita, ya sea en el \u00e1mbito laboral y\/o escolar; mismos que se caracterizan por requerir de soluciones r\u00e1pidas as\u00ed como eficaces, es la conservaci\u00f3n de la vida, evitar complicaciones f\u00edsicas y psicol\u00f3gicas; tambi\u00e9n ayudar a la recuperaci\u00f3n, aliviar el dolor, la ansiedad y evitar el agravamiento de su estado as\u00ed como asegurar el traslado a un centro asistencial , hospitalario o la casa.<\/span><\/h5><h5><span style=\"color: #333399;\">En el \u00e1mbito escolar, brinda los cuidados de salud necesarios en la comunidad estudiantil y posee competencias que acreditan sus conocimientos y habilidades dirigidas a contribuir con el bienestar f\u00edsico, mental y social de dicha comunidad, desarrollando labores de promoci\u00f3n de la salud y prevenci\u00f3n de las enfermedades, adelant\u00e1ndose a los sucesos desfavorables y actuando eficazmente sobre ellos, por lo que se est\u00e1 presente en la Instituci\u00f3n durante todo el horario escolar.<\/span><\/h5><h5><span style=\"color: #333399;\">El lugar para la atenci\u00f3n b\u00e1sica cuenta con protocolos para el uso adecuado de la sala de primeros auxilios, en caso de requerir una atenci\u00f3n de salud.<\/span><\/h5><h5><span style=\"color: #333399;\">Puedes comunicarte con nuestra enfermera al correo enfermeria@palermosj.edu.co o al WhatsApp 320 525 40 34<\/span><\/h5>\t\t\t\t\t<\/div>\n\t\t\t\t\t\t<\/div>\n\t\t\t\t<\/div>\n\t\t\t\t\t\t<\/div>\n\t\t\t\t\t<\/div>\n\t\t<\/div>\n\t\t\t\t\t\t\t\t<\/div>\n\t\t\t\t\t<\/div>\n\t\t<\/section>\n\t\t\t\t\t\t<\/div>\n\t\t\t\t\t\t<\/div>\n\t\t\t\t\t<\/div>\n\t\t","protected":false},"excerpt":{"rendered":"<p>Servicio de primeros auxilios Los primeros auxilios son los cuidados y t\u00e9cnicas sanitarias b\u00e1sicas que se llevan a cabo en los\u00a0 momentos iniciales y con medios especializados inmediatos, adecuados y provisionales brindados a las personas con situaciones de emergencia, accidentes o con enfermedades de aparici\u00f3n s\u00fabita, ya sea en el \u00e1mbito laboral y\/o escolar; mismos &hellip;<\/p>\n<p class=\"read-more\"> <a class=\"\" href=\"https:\/\/palermosj.edu.co\/Portalweb\/elementor-3224\/\"> <span class=\"screen-reader-text\">Primeros Auxilios<\/span> Leer m\u00e1s &raquo;<\/a><\/p>\n","protected":false},"author":1,"featured_media":0,"parent":0,"menu_order":0,"comment_status":"closed","ping_status":"closed","template":"","meta":{"ngg_post_thumbnail":0},"_links":{"self":[{"href":"https:\/\/palermosj.edu.co\/Portalweb\/wp-json\/wp\/v2\/pages\/3224"}],"collection":[{"href":"https:\/\/palermosj.edu.co\/Portalweb\/wp-json\/wp\/v2\/pages"}],"about":[{"href":"https:\/\/palermosj.edu.co\/Portalweb\/wp-json\/wp\/v2\/types\/page"}],"author":[{"embeddable":true,"href":"https:\/\/palermosj.edu.co\/Portalweb\/wp-json\/wp\/v2\/users\/1"}],"replies":[{"embeddable":true,"href":"https:\/\/palermosj.edu.co\/Portalweb\/wp-json\/wp\/v2\/comments?post=3224"}],"version-history":[{"count":14,"href":"https:\/\/palermosj.edu.co\/Portalweb\/wp-json\/wp\/v2\/pages\/3224\/revisions"}],"predecessor-version":[{"id":3798,"href":"https:\/\/palermosj.edu.co\/Portalweb\/wp-json\/wp\/v2\/pages\/3224\/revisions\/3798"}],"wp:attachment":[{"href":"https:\/\/palermosj.edu.co\/Portalweb\/wp-json\/wp\/v2\/media?parent=3224"}],"curies":[{"name":"wp","href":"https:\/\/api.w.org\/{rel}","templated":true}]}}