{"id":1357,"date":"2020-12-26T19:34:36","date_gmt":"2020-12-27T00:34:36","guid":{"rendered":"http:\/\/localhost\/wordpress\/?page_id=1357"},"modified":"2025-08-05T06:59:56","modified_gmt":"2025-08-05T11:59:56","slug":"nucleos-disciplinares","status":"publish","type":"page","link":"https:\/\/palermosj.edu.co\/Portalweb\/nucleos-disciplinares\/","title":{"rendered":"N\u00daCLEOS DISCIPLINARES"},"content":{"rendered":"\t\t<div data-elementor-type=\"wp-page\" data-elementor-id=\"1357\" class=\"elementor elementor-1357\" data-elementor-settings=\"[]\">\n\t\t\t\t\t\t<div class=\"elementor-inner\">\n\t\t\t\t\t\t\t<div class=\"elementor-section-wrap\">\n\t\t\t\t\t\t\t<section class=\"elementor-section elementor-top-section elementor-element elementor-element-66c4562 elementor-section-boxed elementor-section-height-default elementor-section-height-default\" data-id=\"66c4562\" data-element_type=\"section\">\n\t\t\t\t\t\t<div class=\"elementor-container elementor-column-gap-default\">\n\t\t\t\t\t\t\t<div class=\"elementor-row\">\n\t\t\t\t\t<div class=\"elementor-column elementor-col-100 elementor-top-column elementor-element elementor-element-3f91cee\" data-id=\"3f91cee\" data-element_type=\"column\">\n\t\t\t<div class=\"elementor-column-wrap elementor-element-populated\">\n\t\t\t\t\t\t\t<div class=\"elementor-widget-wrap\">\n\t\t\t\t\t\t<div class=\"elementor-element elementor-element-d3dbcce elementor-widget elementor-widget-heading\" data-id=\"d3dbcce\" data-element_type=\"widget\" data-widget_type=\"heading.default\">\n\t\t\t\t<div class=\"elementor-widget-container\">\n\t\t\t<h2 class=\"elementor-heading-title elementor-size-default\">N\u00facleos Disciplinares<\/h2>\t\t<\/div>\n\t\t\t\t<\/div>\n\t\t\t\t<div class=\"elementor-element elementor-element-f42fe8b elementor-widget elementor-widget-spacer\" data-id=\"f42fe8b\" data-element_type=\"widget\" data-widget_type=\"spacer.default\">\n\t\t\t\t<div class=\"elementor-widget-container\">\n\t\t\t\t\t<div class=\"elementor-spacer\">\n\t\t\t<div class=\"elementor-spacer-inner\"><\/div>\n\t\t<\/div>\n\t\t\t\t<\/div>\n\t\t\t\t<\/div>\n\t\t\t\t<div class=\"elementor-element elementor-element-294935c elementor-widget elementor-widget-text-editor\" data-id=\"294935c\" data-element_type=\"widget\" data-widget_type=\"text-editor.default\">\n\t\t\t\t<div class=\"elementor-widget-container\">\n\t\t\t\t\t\t\t\t<div class=\"elementor-text-editor elementor-clearfix\">\n\t\t\t\t<p>El Colegio apropia este concepto buscando que cada maestro, no aborde el \u00e1rea desde lo espec\u00edfico, sino de forma interdisciplinar, para que el conocimiento no sea fragmentado, y se logre un aprendizaje significativo.<\/p>\t\t\t\t\t<\/div>\n\t\t\t\t\t\t<\/div>\n\t\t\t\t<\/div>\n\t\t\t\t\t\t<\/div>\n\t\t\t\t\t<\/div>\n\t\t<\/div>\n\t\t\t\t\t\t\t\t<\/div>\n\t\t\t\t\t<\/div>\n\t\t<\/section>\n\t\t\t\t<section class=\"elementor-section elementor-top-section elementor-element elementor-element-1071957 elementor-section-boxed elementor-section-height-default elementor-section-height-default\" data-id=\"1071957\" data-element_type=\"section\">\n\t\t\t\t\t\t<div class=\"elementor-container elementor-column-gap-default\">\n\t\t\t\t\t\t\t<div class=\"elementor-row\">\n\t\t\t\t\t<div class=\"elementor-column elementor-col-100 elementor-top-column elementor-element elementor-element-e820726\" data-id=\"e820726\" data-element_type=\"column\">\n\t\t\t<div class=\"elementor-column-wrap elementor-element-populated\">\n\t\t\t\t\t\t\t<div class=\"elementor-widget-wrap\">\n\t\t\t\t\t\t<div class=\"elementor-element elementor-element-132c71d elementor-tabs-view-horizontal elementor-widget elementor-widget-tabs\" data-id=\"132c71d\" data-element_type=\"widget\" data-widget_type=\"tabs.default\">\n\t\t\t\t<div class=\"elementor-widget-container\">\n\t\t\t\t\t<div class=\"elementor-tabs\">\n\t\t\t<div class=\"elementor-tabs-wrapper\" role=\"tablist\" >\n\t\t\t\t\t\t\t\t\t<div id=\"elementor-tab-title-2011\" class=\"elementor-tab-title elementor-tab-desktop-title\" aria-selected=\"true\" data-tab=\"1\" role=\"tab\" tabindex=\"0\" aria-controls=\"elementor-tab-content-2011\" aria-expanded=\"false\"><a href=\"\">N\u00daCLEO TECNOCIENCIAS<\/a><\/div>\n\t\t\t\t\t\t\t\t\t<div id=\"elementor-tab-title-2012\" class=\"elementor-tab-title elementor-tab-desktop-title\" aria-selected=\"false\" data-tab=\"2\" role=\"tab\" tabindex=\"-1\" aria-controls=\"elementor-tab-content-2012\" aria-expanded=\"false\"><a href=\"\">N\u00daCLEO TESGEMA<\/a><\/div>\n\t\t\t\t\t\t\t\t\t<div id=\"elementor-tab-title-2013\" class=\"elementor-tab-title elementor-tab-desktop-title\" aria-selected=\"false\" data-tab=\"3\" role=\"tab\" tabindex=\"-1\" aria-controls=\"elementor-tab-content-2013\" aria-expanded=\"false\"><a href=\"\">N\u00daCLEO CICAP<\/a><\/div>\n\t\t\t\t\t\t\t\t\t<div id=\"elementor-tab-title-2014\" class=\"elementor-tab-title elementor-tab-desktop-title\" aria-selected=\"false\" data-tab=\"4\" role=\"tab\" tabindex=\"-1\" aria-controls=\"elementor-tab-content-2014\" aria-expanded=\"false\"><a href=\"\">N\u00daCLEO BETANIA<\/a><\/div>\n\t\t\t\t\t\t\t\t\t<div id=\"elementor-tab-title-2015\" class=\"elementor-tab-title elementor-tab-desktop-title\" aria-selected=\"false\" data-tab=\"5\" role=\"tab\" tabindex=\"-1\" aria-controls=\"elementor-tab-content-2015\" aria-expanded=\"false\"><a href=\"\">N\u00daCLEO INFRAPOR<\/a><\/div>\n\t\t\t\t\t\t\t<\/div>\n\t\t\t<div class=\"elementor-tabs-content-wrapper\" role=\"tablist\" aria-orientation=\"vertical\">\n\t\t\t\t\t\t\t\t\t<div class=\"elementor-tab-title elementor-tab-mobile-title\" aria-selected=\"true\" data-tab=\"1\" role=\"tab\" tabindex=\"0\" aria-controls=\"elementor-tab-content-2011\" aria-expanded=\"false\">N\u00daCLEO TECNOCIENCIAS<\/div>\n\t\t\t\t\t<div id=\"elementor-tab-content-2011\" class=\"elementor-tab-content elementor-clearfix\" data-tab=\"1\" role=\"tabpanel\" aria-labelledby=\"elementor-tab-title-2011\" tabindex=\"0\" hidden=\"false\"><p><img loading=\"lazy\" class=\"alignnone wp-image-4389 size-large\" src=\"https:\/\/palermosj.edu.co\/Portalweb\/wp-content\/uploads\/2025\/08\/12-1024x576.png\" alt=\"\" width=\"1024\" height=\"576\" srcset=\"https:\/\/palermosj.edu.co\/Portalweb\/wp-content\/uploads\/2025\/08\/12-1024x576.png 1024w, https:\/\/palermosj.edu.co\/Portalweb\/wp-content\/uploads\/2025\/08\/12-300x169.png 300w, https:\/\/palermosj.edu.co\/Portalweb\/wp-content\/uploads\/2025\/08\/12-768x432.png 768w, https:\/\/palermosj.edu.co\/Portalweb\/wp-content\/uploads\/2025\/08\/12-1536x864.png 1536w, https:\/\/palermosj.edu.co\/Portalweb\/wp-content\/uploads\/2025\/08\/12-600x338.png 600w, https:\/\/palermosj.edu.co\/Portalweb\/wp-content\/uploads\/2025\/08\/12-1154x649.png 1154w, https:\/\/palermosj.edu.co\/Portalweb\/wp-content\/uploads\/2025\/08\/12.png 1920w\" sizes=\"(max-width: 1024px) 100vw, 1024px\" \/><\/p><\/div>\n\t\t\t\t\t\t\t\t\t<div class=\"elementor-tab-title elementor-tab-mobile-title\" aria-selected=\"false\" data-tab=\"2\" role=\"tab\" tabindex=\"-1\" aria-controls=\"elementor-tab-content-2012\" aria-expanded=\"false\">N\u00daCLEO TESGEMA<\/div>\n\t\t\t\t\t<div id=\"elementor-tab-content-2012\" class=\"elementor-tab-content elementor-clearfix\" data-tab=\"2\" role=\"tabpanel\" aria-labelledby=\"elementor-tab-title-2012\" tabindex=\"0\" hidden=\"hidden\"><p><img loading=\"lazy\" class=\"alignnone wp-image-3835 size-full\" src=\"https:\/\/palermosj.edu.co\/Portalweb\/wp-content\/uploads\/2024\/05\/Tesgema.png\" alt=\"\" width=\"1920\" height=\"1080\" srcset=\"https:\/\/palermosj.edu.co\/Portalweb\/wp-content\/uploads\/2024\/05\/Tesgema.png 1920w, https:\/\/palermosj.edu.co\/Portalweb\/wp-content\/uploads\/2024\/05\/Tesgema-300x169.png 300w, https:\/\/palermosj.edu.co\/Portalweb\/wp-content\/uploads\/2024\/05\/Tesgema-1024x576.png 1024w, https:\/\/palermosj.edu.co\/Portalweb\/wp-content\/uploads\/2024\/05\/Tesgema-768x432.png 768w, https:\/\/palermosj.edu.co\/Portalweb\/wp-content\/uploads\/2024\/05\/Tesgema-1536x864.png 1536w, https:\/\/palermosj.edu.co\/Portalweb\/wp-content\/uploads\/2024\/05\/Tesgema-600x338.png 600w, https:\/\/palermosj.edu.co\/Portalweb\/wp-content\/uploads\/2024\/05\/Tesgema-1154x649.png 1154w\" sizes=\"(max-width: 1920px) 100vw, 1920px\" \/><\/p><\/div>\n\t\t\t\t\t\t\t\t\t<div class=\"elementor-tab-title elementor-tab-mobile-title\" aria-selected=\"false\" data-tab=\"3\" role=\"tab\" tabindex=\"-1\" aria-controls=\"elementor-tab-content-2013\" aria-expanded=\"false\">N\u00daCLEO CICAP<\/div>\n\t\t\t\t\t<div id=\"elementor-tab-content-2013\" class=\"elementor-tab-content elementor-clearfix\" data-tab=\"3\" role=\"tabpanel\" aria-labelledby=\"elementor-tab-title-2013\" tabindex=\"0\" hidden=\"hidden\"><p><img loading=\"lazy\" class=\"alignnone wp-image-3839 size-full\" src=\"https:\/\/palermosj.edu.co\/Portalweb\/wp-content\/uploads\/2024\/05\/Cicap.png\" alt=\"\" width=\"1920\" height=\"1080\" srcset=\"https:\/\/palermosj.edu.co\/Portalweb\/wp-content\/uploads\/2024\/05\/Cicap.png 1920w, https:\/\/palermosj.edu.co\/Portalweb\/wp-content\/uploads\/2024\/05\/Cicap-300x169.png 300w, https:\/\/palermosj.edu.co\/Portalweb\/wp-content\/uploads\/2024\/05\/Cicap-1024x576.png 1024w, https:\/\/palermosj.edu.co\/Portalweb\/wp-content\/uploads\/2024\/05\/Cicap-768x432.png 768w, https:\/\/palermosj.edu.co\/Portalweb\/wp-content\/uploads\/2024\/05\/Cicap-1536x864.png 1536w, https:\/\/palermosj.edu.co\/Portalweb\/wp-content\/uploads\/2024\/05\/Cicap-600x338.png 600w, https:\/\/palermosj.edu.co\/Portalweb\/wp-content\/uploads\/2024\/05\/Cicap-1154x649.png 1154w\" sizes=\"(max-width: 1920px) 100vw, 1920px\" \/><\/p><\/div>\n\t\t\t\t\t\t\t\t\t<div class=\"elementor-tab-title elementor-tab-mobile-title\" aria-selected=\"false\" data-tab=\"4\" role=\"tab\" tabindex=\"-1\" aria-controls=\"elementor-tab-content-2014\" aria-expanded=\"false\">N\u00daCLEO BETANIA<\/div>\n\t\t\t\t\t<div id=\"elementor-tab-content-2014\" class=\"elementor-tab-content elementor-clearfix\" data-tab=\"4\" role=\"tabpanel\" aria-labelledby=\"elementor-tab-title-2014\" tabindex=\"0\" hidden=\"hidden\"><p><img loading=\"lazy\" class=\"alignnone wp-image-3843 size-full\" src=\"https:\/\/palermosj.edu.co\/Portalweb\/wp-content\/uploads\/2024\/05\/Betania.png\" alt=\"\" width=\"1920\" height=\"1080\" srcset=\"https:\/\/palermosj.edu.co\/Portalweb\/wp-content\/uploads\/2024\/05\/Betania.png 1920w, https:\/\/palermosj.edu.co\/Portalweb\/wp-content\/uploads\/2024\/05\/Betania-300x169.png 300w, https:\/\/palermosj.edu.co\/Portalweb\/wp-content\/uploads\/2024\/05\/Betania-1024x576.png 1024w, https:\/\/palermosj.edu.co\/Portalweb\/wp-content\/uploads\/2024\/05\/Betania-768x432.png 768w, https:\/\/palermosj.edu.co\/Portalweb\/wp-content\/uploads\/2024\/05\/Betania-1536x864.png 1536w, https:\/\/palermosj.edu.co\/Portalweb\/wp-content\/uploads\/2024\/05\/Betania-600x338.png 600w, https:\/\/palermosj.edu.co\/Portalweb\/wp-content\/uploads\/2024\/05\/Betania-1154x649.png 1154w\" sizes=\"(max-width: 1920px) 100vw, 1920px\" \/><\/p><\/div>\n\t\t\t\t\t\t\t\t\t<div class=\"elementor-tab-title elementor-tab-mobile-title\" aria-selected=\"false\" data-tab=\"5\" role=\"tab\" tabindex=\"-1\" aria-controls=\"elementor-tab-content-2015\" aria-expanded=\"false\">N\u00daCLEO INFRAPOR<\/div>\n\t\t\t\t\t<div id=\"elementor-tab-content-2015\" class=\"elementor-tab-content elementor-clearfix\" data-tab=\"5\" role=\"tabpanel\" aria-labelledby=\"elementor-tab-title-2015\" tabindex=\"0\" hidden=\"hidden\"><p><img loading=\"lazy\" class=\"alignnone wp-image-4388 size-large\" src=\"https:\/\/palermosj.edu.co\/Portalweb\/wp-content\/uploads\/2025\/08\/11-1024x576.png\" alt=\"\" width=\"1024\" height=\"576\" srcset=\"https:\/\/palermosj.edu.co\/Portalweb\/wp-content\/uploads\/2025\/08\/11-1024x576.png 1024w, https:\/\/palermosj.edu.co\/Portalweb\/wp-content\/uploads\/2025\/08\/11-300x169.png 300w, https:\/\/palermosj.edu.co\/Portalweb\/wp-content\/uploads\/2025\/08\/11-768x432.png 768w, https:\/\/palermosj.edu.co\/Portalweb\/wp-content\/uploads\/2025\/08\/11-1536x864.png 1536w, https:\/\/palermosj.edu.co\/Portalweb\/wp-content\/uploads\/2025\/08\/11-600x338.png 600w, https:\/\/palermosj.edu.co\/Portalweb\/wp-content\/uploads\/2025\/08\/11-1154x649.png 1154w, https:\/\/palermosj.edu.co\/Portalweb\/wp-content\/uploads\/2025\/08\/11.png 1920w\" sizes=\"(max-width: 1024px) 100vw, 1024px\" \/><\/p><\/div>\n\t\t\t\t\t\t\t<\/div>\n\t\t<\/div>\n\t\t\t\t<\/div>\n\t\t\t\t<\/div>\n\t\t\t\t\t\t<\/div>\n\t\t\t\t\t<\/div>\n\t\t<\/div>\n\t\t\t\t\t\t\t\t<\/div>\n\t\t\t\t\t<\/div>\n\t\t<\/section>\n\t\t\t\t\t\t<\/div>\n\t\t\t\t\t\t<\/div>\n\t\t\t\t\t<\/div>\n\t\t","protected":false},"excerpt":{"rendered":"<p>N\u00facleos Disciplinares El Colegio apropia este concepto buscando que cada maestro, no aborde el \u00e1rea desde lo espec\u00edfico, sino de forma interdisciplinar, para que el conocimiento no sea fragmentado, y se logre un aprendizaje significativo. N\u00daCLEO TECNOCIENCIAS N\u00daCLEO TESGEMA N\u00daCLEO CICAP N\u00daCLEO BETANIA N\u00daCLEO INFRAPOR N\u00daCLEO TECNOCIENCIAS N\u00daCLEO TESGEMA N\u00daCLEO CICAP N\u00daCLEO BETANIA N\u00daCLEO INFRAPOR<\/p>\n","protected":false},"author":1,"featured_media":0,"parent":0,"menu_order":0,"comment_status":"closed","ping_status":"closed","template":"elementor_header_footer","meta":{"ngg_post_thumbnail":0},"_links":{"self":[{"href":"https:\/\/palermosj.edu.co\/Portalweb\/wp-json\/wp\/v2\/pages\/1357"}],"collection":[{"href":"https:\/\/palermosj.edu.co\/Portalweb\/wp-json\/wp\/v2\/pages"}],"about":[{"href":"https:\/\/palermosj.edu.co\/Portalweb\/wp-json\/wp\/v2\/types\/page"}],"author":[{"embeddable":true,"href":"https:\/\/palermosj.edu.co\/Portalweb\/wp-json\/wp\/v2\/users\/1"}],"replies":[{"embeddable":true,"href":"https:\/\/palermosj.edu.co\/Portalweb\/wp-json\/wp\/v2\/comments?post=1357"}],"version-history":[{"count":98,"href":"https:\/\/palermosj.edu.co\/Portalweb\/wp-json\/wp\/v2\/pages\/1357\/revisions"}],"predecessor-version":[{"id":4395,"href":"https:\/\/palermosj.edu.co\/Portalweb\/wp-json\/wp\/v2\/pages\/1357\/revisions\/4395"}],"wp:attachment":[{"href":"https:\/\/palermosj.edu.co\/Portalweb\/wp-json\/wp\/v2\/media?parent=1357"}],"curies":[{"name":"wp","href":"https:\/\/api.w.org\/{rel}","templated":true}]}}